{"id":2369,"date":"2020-08-04T17:15:54","date_gmt":"2020-08-04T15:15:54","guid":{"rendered":"https:\/\/schanzenbach-snack.de\/?page_id=2369"},"modified":"2021-06-14T07:20:30","modified_gmt":"2021-06-14T05:20:30","slug":"ds","status":"publish","type":"page","link":"https:\/\/schanzenbach-snack.de\/index.php\/ds\/","title":{"rendered":"Gewinnspiel-Datenschutz"},"content":{"rendered":"\n<p><strong>Verwendung von Daten und Datenschutz<\/strong><\/p>\n\n\n\n<p>Diese Promotion steht in keiner Verbindung zu Facebook und wird in keiner Weise von Facebook gesponsert, unterst\u00fctzt oder organisiert. Der Empf\u00e4nger der von Ihnen bereitgestellten Daten ist nicht Facebook, sondern Schanzenbach \u2013 Kottmann GmbH &amp; Co. KG, Hellweg 40, 59063 Hamm.<\/p>\n\n\n\n<p>Personenbezogene Daten werden von Schanzenbach \u2013 Kottmann GmbH &amp; Co. KG ausschlie\u00dflich zum Zwecke des Gewinnspiels verwendet, und nur an Unternehmen weitergegeben, die bei der Erf\u00fcllung der mit Ihnen abgeschlossenen Vertr\u00e4ge direkt beteiligt sind und durch den Veranstalter eingeschaltet werden. Des Weiteren werden pers\u00f6nliche Daten nicht an Dritte weitergegeben.<\/p>\n\n\n\n<p>Zur Teilnahme an Promotions ist i.d.R. die Angabe des Usernamens und \/ oder des vollst\u00e4ndigen Namens (Vor- und Zuname) und einer g\u00fcltigen Emailadresse erforderlich. Bei Sachgewinnen kann es au\u00dferdem vorkommen, dass wir Sie im Falle eines Gewinnes per Email oder \u00fcber die jeweilige Social Media Plattform, auf der die Teilnahme stattgefunden hat, kontaktieren und Ihre Anschrift zwecks Versands des Gewinns erfragen. Eine Gewinnbenachrichtigung kann \u00f6ffentlich in den von Schanzenbach \u2013 Kottmann GmbH &amp; Co. KG eingesetzten Werbemedien (dies inkludiert explizit die Website sowie die Facebook-Seite oder den Instagram-Account des Veranstalters) erfolgen.<\/p>\n\n\n\n<p>Bis zum Abschluss der Promotion werden Ihre Daten von Schanzenbach \u2013 Kottmann GmbH &amp; Co. KG, Betreiber der Facebook-Fanseite <a href=\"https:\/\/www.facebook.com\/Schanzenbach1\/\">https:\/\/www.facebook.com\/Schanzenbach1\/<\/a> gespeichert und im Umfang der Promotion (Ermittlung und Benachrichtigung der Gewinner) genutzt.<\/p>\n\n\n\n<p>Nach Abschluss der jeweiligen Promotion werden Ihre Daten von Schanzenbach \u2013 Kottmann GmbH &amp; Co. KG nicht weiter verwendet und gel\u00f6scht.<\/p>\n\n\n\n<p>Ein Widerruf der Verwendung Ihrer Daten ist bei Promotions jederzeit m\u00f6glich. Bitte bedenken Sie jedoch, dass eine vorzeitige L\u00f6schung Ihrer Daten Ihre Teilnahme an der Promotion und damit Ihre Aussicht auf einen Gewinn einschr\u00e4nken oder unm\u00f6glich machen kann.<\/p>\n","protected":false},"excerpt":{"rendered":"<p>Verwendung von Daten und Datenschutz Diese Promotion steht in keiner Verbindung zu Facebook und wird in keiner Weise von Facebook gesponsert, unterst\u00fctzt oder organisiert. Der Empf\u00e4nger der von Ihnen bereitgestellten Daten ist nicht Facebook, sondern &hellip;<\/p>\n","protected":false},"author":1,"featured_media":0,"parent":0,"menu_order":0,"comment_status":"closed","ping_status":"closed","template":"","meta":{"footnotes":""},"class_list":["post-2369","page","type-page","status-publish","hentry"],"_links":{"self":[{"href":"https:\/\/schanzenbach-snack.de\/index.php\/wp-json\/wp\/v2\/pages\/2369","targetHints":{"allow":["GET"]}}],"collection":[{"href":"https:\/\/schanzenbach-snack.de\/index.php\/wp-json\/wp\/v2\/pages"}],"about":[{"href":"https:\/\/schanzenbach-snack.de\/index.php\/wp-json\/wp\/v2\/types\/page"}],"author":[{"embeddable":true,"href":"https:\/\/schanzenbach-snack.de\/index.php\/wp-json\/wp\/v2\/users\/1"}],"replies":[{"embeddable":true,"href":"https:\/\/schanzenbach-snack.de\/index.php\/wp-json\/wp\/v2\/comments?post=2369"}],"version-history":[{"count":2,"href":"https:\/\/schanzenbach-snack.de\/index.php\/wp-json\/wp\/v2\/pages\/2369\/revisions"}],"predecessor-version":[{"id":2374,"href":"https:\/\/schanzenbach-snack.de\/index.php\/wp-json\/wp\/v2\/pages\/2369\/revisions\/2374"}],"wp:attachment":[{"href":"https:\/\/schanzenbach-snack.de\/index.php\/wp-json\/wp\/v2\/media?parent=2369"}],"curies":[{"name":"wp","href":"https:\/\/api.w.org\/{rel}","templated":true}]}}