{"id":2371,"date":"2020-08-04T17:18:06","date_gmt":"2020-08-04T15:18:06","guid":{"rendered":"https:\/\/schanzenbach-snack.de\/?page_id=2371"},"modified":"2023-04-08T14:52:22","modified_gmt":"2023-04-08T12:52:22","slug":"gws","status":"publish","type":"page","link":"https:\/\/schanzenbach-snack.de\/index.php\/gws\/","title":{"rendered":"Gewinnspiel Teilnahmebedingungen"},"content":{"rendered":"\n<p><strong>Teilnahmebedingungen<\/strong><\/p>\n\n\n\n<p>1.&nbsp; &nbsp; &nbsp; Veranstalter der Promotion ist Schanzenbach \u2013 Kottmann GmbH &amp; Co. KG, Hellweg 40, 59063 Hamm<\/p>\n\n\n\n<p>2.&nbsp; &nbsp; &nbsp; Diese Promotion steht in keiner Verbindung zu Facebook und wird in keiner Weise von Facebook gesponsert, unterst\u00fctzt oder organisiert. Der Empf\u00e4nger der bereitgestellten Informationen ist nicht Facebook, sondern Schanzenbach \u2013 Kottmann GmbH &amp; Co. KG, Hellweg 40, 59063 Hamm<\/p>\n\n\n\n<p>3.&nbsp; &nbsp; &nbsp; Die Teilnahme an der Promotion erfolgt auf der Facebook-Plattform und ist auf der Facebook-Seite <a href=\"https:\/\/www.facebook.com\/Schanzenbach1\/\">https:\/\/www.facebook.com\/Schanzenbach1\/<\/a> und auf <a href=\"https:\/\/www.instagram.com\/schanzenbach_snack_grill\/\">https:\/\/www.instagram.com\/schanzenbach_snack_grill\/<\/a> verf\u00fcgbar.<\/p>\n\n\n\n<p>4.&nbsp; &nbsp; &nbsp; S\u00e4mtliche Fragen, Kommentare oder Beschwerden zur Promotion sind nicht an Facebook zu richten, sondern direkt an Schanzenbach \u2013 Kottmann GmbH &amp; Co. KG, Hellweg 40, 59063 Hamm<\/p>\n\n\n\n<p>5.&nbsp; &nbsp; &nbsp; Teilnahmeberechtigt sind alle Personen mit Wohnsitz in Deutschland, die zum Zeitpunkt ihrer Teilnahme mindestens 18 Jahre alt sind. Gesetzliche Vertreter und Mitarbeiter des Veranstalters sowie deren Angeh\u00f6rige und sonstige mit dieser Veranstaltung in Verbindung stehende Dritte, sind von der Teilnahme ausgeschlossen.<\/p>\n\n\n\n<p>6.&nbsp; &nbsp; &nbsp; Die Teilnahme ist nur innerhalb des Aktionszeitraums, sowie ausschlie\u00dflich online m\u00f6glich. Die Teilnahme ist unentgeltlich, der Teilnehmer\/die Teilnehmerin geht keine vertraglichen oder sonstigen rechtlichen Verpflichtungen ein.<\/p>\n\n\n\n<p>7.&nbsp; &nbsp; &nbsp; Die Teilnahme ist kostenlos. Die Teilnahme und die Gewinnchancen sind nicht vom Erwerb eines Produktes oder einer Dienstleistung abh\u00e4ngig.<\/p>\n\n\n\n<p>8.\u00a0 \u00a0 \u00a0 Die Promotion beginnt am 12.04.23, 11:30Uhr.<\/p>\n\n\n\n<p>9.\u00a0 \u00a0 \u00a0 Teilnahmeschluss ist der 16.04.23 um 18:30 Uhr.\u00a0<\/p>\n\n\n\n<p>10.\u00a0 Unter allen Teilnehmern werden t\u00e4glich 2 \u201eHOT DOG&#8220;-Men\u00fcs verlost. Einl\u00f6sbar in allen Restaurants der Schanzenbach &#8211; Kottmann GmbH &amp; Co. KG au\u00dfer im Restaurant Luisenstra\u00dfe 2,59065. Hamm. Ein &#8222;HOT DOG&#8220;-Men\u00fc besteht im Detail aus 1 x HOT DOG (Hot Dog Spezial, Crunchy Cheese Dog oder Chili Cheese DOG) 1 x Pommes, 1 x Dip und 1 x Softgetr\u00e4nk. F\u00fcr das Softgetr\u00e4nk fallen 0,25 \u20ac Cent Pfand an.<\/p>\n\n\n\n<p>11.&nbsp; Um an der Promotion teilzunehmen, m\u00fcssen die Teilnehmer:<\/p>\n\n\n\n<ol class=\"wp-block-list\"><li>Folge uns auf Instagram <a href=\"https:\/\/www.instagram.com\/schanzenbach_snack_grill\/\">https:\/\/www.instagram.com\/schanzenbach_snack_grill\/<\/a> oder Facebook <a href=\"https:\/\/www.facebook.com\/Schanzenbach1\/\">https:\/\/www.facebook.com\/Schanzenbach1\/<\/a>\u00a0<\/li><li>Kommentiere diesen Beitrag und sag uns <strong>1 Freund in den Kommentaren, mit dem du dein Lieblingsmen\u00fc vernaschen willst<\/strong><\/li><li>Den Tagesgewinner ver\u00f6ffentlichen wir t\u00e4glich ab 19:00 Uhr ab dem 12.04.23<\/li><\/ol>\n\n\n\n<p>12.\u00a0 Der jeweilige Gewinner wird ab dem 12.04.23 t\u00e4glich ab 19:00 Uhr vom Veranstalter bekanntgegeben und per privater Nachricht und\/oder Kommentar benachrichtigt. Der Preis wird in Form eines Gutscheins per Post an den Gewinner verschickt.\u00a0<\/p>\n\n\n\n<p>Im Falle einer unzustellbaren Gewinnbenachrichtigung ist Veranstalter nicht verpflichtet, weitere Nachforschungen anzustellen. Meldet sich der Gewinner nicht innerhalb von 2 Wochen nach dem Absenden der Benachrichtigung, so verf\u00e4llt der Anspruch auf den Gewinn und es wird per Los ein neuer Gewinner ermittelt. Der Anspruch auf den Gewinn verf\u00e4llt ebenfalls, wenn die \u00dcbermittlung des Gewinns nicht innerhalb von 6 Wochen nach der ersten Benachrichtigung \u00fcber den Gewinn aus Gr\u00fcnden, die in der Person des Gewinners liegen, erfolgen kann.<\/p>\n\n\n\n<p>13.&nbsp; Eine Barauszahlung der Preise ist ausgeschlossen. Die Gewinner haben keinen Anspruch auf Auszahlung der Preise in Sachwerte oder Tausch der Preise gegen einen anderen Gegenstand. S\u00e4mtliche Preise sind nicht auf eine andere Person, als den Teilnehmer selbst, \u00fcbertragbar.<\/p>\n\n\n\n<p>14. Der Teilnehmer erkl\u00e4rt sich einverstanden, dass sein Name im Falle des Gewinns ver\u00f6ffentlicht wird. Dies inkludiert explizit die Website sowie die Facebook-Seite oder Instagram-Account des Veranstalters.<\/p>\n\n\n\n<p>15. Der Veranstalter beh\u00e4lt sich das Recht vor, die Promotion\/Verlosung ganz oder teilweise, ohne vorherige Benachrichtigung zu \u00e4ndern, einzustellen oder auszusetzen, falls unvorhergesehene Umst\u00e4nde eintreten. Zu diesen Umst\u00e4nden z\u00e4hlen insbesondere, aber nicht ausschlie\u00dflich, das Auftreten eines Computervirus, eines Programmfehlers, nicht autorisiertes Eingreifen Dritter oder mechanische oder technische Probleme, die au\u00dferhalb der Kontrolle und Einflussm\u00f6glichkeit des Veranstalters liegen.<\/p>\n\n\n\n<p>16.&nbsp; Verst\u00f6\u00dft ein Teilnehmer gegen diese Teilnahmebedingungen oder macht er inkorrekte Angaben, kann ihn der Veranstalter von der Teilnahme ausschlie\u00dfen, ohne hierf\u00fcr Gr\u00fcnde angeben zu m\u00fcssen.<\/p>\n\n\n\n<p>17.&nbsp; Der Veranstalter haftet dem Teilnehmer gegen\u00fcber nach den gesetzlichen Bestimmungen.<\/p>\n\n\n\n<p>18.&nbsp; Sollten einzelne Bestimmungen dieser Teilnahmebedingungen unwirksam, unzul\u00e4ssig oder undurchf\u00fchrbar sein oder werden, so l\u00e4sst dies die Wirksamkeit der Teilnahmebedingungen im \u00dcbrigen unber\u00fchrt. An die Stelle der unwirksamen, unzul\u00e4ssigen oder undurchf\u00fchrbaren Klausel treten Regelungen, deren Wirkungen der wirtschaftlichen Zielsetzung m\u00f6glichst nahe kommen. Etwaige Rechte aus dem Rechtsverh\u00e4ltnis, das diesen Teilnahmebedingungen zu Grunde liegt, sind f\u00fcr den Teilnehmer nicht auf Dritte \u00fcbertragbar. Es gilt das Recht der Bundesrepublik Deutschland. Der Rechtsweg ist ausgeschlossen.<\/p>\n\n\n\n<p>Mit der Teilnahme an der Verlosung erkl\u00e4rt sich der Teilnehmer mit diesen Teilnahmebedingungen einverstanden.<\/p>\n","protected":false},"excerpt":{"rendered":"<p>Teilnahmebedingungen 1.&nbsp; &nbsp; &nbsp; Veranstalter der Promotion ist Schanzenbach \u2013 Kottmann GmbH &amp; Co. KG, Hellweg 40, 59063 Hamm 2.&nbsp; &nbsp; &nbsp; Diese Promotion steht in keiner Verbindung zu Facebook und wird in keiner Weise &hellip;<\/p>\n","protected":false},"author":1,"featured_media":0,"parent":0,"menu_order":0,"comment_status":"closed","ping_status":"closed","template":"","meta":{"footnotes":""},"class_list":["post-2371","page","type-page","status-publish","hentry"],"_links":{"self":[{"href":"https:\/\/schanzenbach-snack.de\/index.php\/wp-json\/wp\/v2\/pages\/2371","targetHints":{"allow":["GET"]}}],"collection":[{"href":"https:\/\/schanzenbach-snack.de\/index.php\/wp-json\/wp\/v2\/pages"}],"about":[{"href":"https:\/\/schanzenbach-snack.de\/index.php\/wp-json\/wp\/v2\/types\/page"}],"author":[{"embeddable":true,"href":"https:\/\/schanzenbach-snack.de\/index.php\/wp-json\/wp\/v2\/users\/1"}],"replies":[{"embeddable":true,"href":"https:\/\/schanzenbach-snack.de\/index.php\/wp-json\/wp\/v2\/comments?post=2371"}],"version-history":[{"count":10,"href":"https:\/\/schanzenbach-snack.de\/index.php\/wp-json\/wp\/v2\/pages\/2371\/revisions"}],"predecessor-version":[{"id":2570,"href":"https:\/\/schanzenbach-snack.de\/index.php\/wp-json\/wp\/v2\/pages\/2371\/revisions\/2570"}],"wp:attachment":[{"href":"https:\/\/schanzenbach-snack.de\/index.php\/wp-json\/wp\/v2\/media?parent=2371"}],"curies":[{"name":"wp","href":"https:\/\/api.w.org\/{rel}","templated":true}]}}